{"id":2170,"date":"2025-10-27T11:27:03","date_gmt":"2025-10-27T10:27:03","guid":{"rendered":"https:\/\/www.villarosariviera.com\/cookie-policy\/"},"modified":"2026-04-07T09:00:56","modified_gmt":"2026-04-07T07:00:56","slug":"cookie-policy","status":"publish","type":"page","link":"https:\/\/www.villarosariviera.com\/de\/cookie-policy\/","title":{"rendered":"Cookie Policy"},"content":{"rendered":"<p class=\"CookieDeclarationDialogText\">Diese Website verwendet Cookies. Wir verwenden Cookies, um Inhalte und Anzeigen zu personalisieren, Funktionen f\u00fcr soziale Medien bereitzustellen und unseren Datenverkehr zu analysieren. Au\u00dferdem teilen wir Informationen \u00fcber Ihre Nutzung unserer Website mit unseren Partnern f\u00fcr Webanalyse, Werbung und soziale Medien, die diese m\u00f6glicherweise mit anderen Informationen kombinieren, die Sie ihnen bereitgestellt haben oder die sie aus Ihrer Nutzung ihrer Dienste gesammelt haben.<\/p>\n<p class=\"CookieDeclarationIntro\">Cookies sind kleine Textdateien, die von Websites verwendet werden k\u00f6nnen, um die Benutzererfahrung effizienter zu gestalten.<\/p>\n<p>Das Gesetz besagt, dass wir Cookies auf Ihrem Ger\u00e4t speichern d\u00fcrfen, wenn sie f\u00fcr den Betrieb dieser Website unbedingt erforderlich sind. F\u00fcr alle anderen Arten von Cookies ben\u00f6tigen wir Ihre Zustimmung. Diese Website verwendet verschiedene Arten von Cookies. Einige Cookies werden von Drittanbietern gesetzt, die auf unseren Seiten erscheinen. Sie k\u00f6nnen Ihre Einwilligung jederzeit in der Cookie-Erkl\u00e4rung auf unserer Website \u00e4ndern oder widerrufen.<\/p>\n<div class=\"CookieDeclarationType\" dir=\"ltr\" lang=\"it\">\n<p class=\"CookieDeclarationTypeHeader\"><strong>Notwendig<\/strong><\/p>\n<p class=\"CookieDeclarationTypeDescription\">Notwendige Cookies tragen dazu bei, eine Website nutzbar zu machen, indem sie grundlegende Funktionen wie Seitennavigation und Zugriff auf sichere Bereiche der Website erm\u00f6glichen. Die Website kann ohne diese Cookies nicht richtig funktionieren.<\/p>\n<\/div>\n","protected":false},"excerpt":{"rendered":"<p>Diese Website verwendet Cookies. Wir verwenden Cookies, um Inhalte und Anzeigen zu personalisieren, Funktionen f\u00fcr soziale Medien bereitzustellen und unseren Datenverkehr zu analysieren. Au\u00dferdem teilen wir Informationen \u00fcber Ihre Nutzung unserer Website mit unseren Partnern f\u00fcr Webanalyse, Werbung und soziale Medien, die diese m\u00f6glicherweise mit anderen Informationen kombinieren, die Sie ihnen bereitgestellt haben oder die [&hellip;]<\/p>\n","protected":false},"author":1,"featured_media":0,"parent":0,"menu_order":0,"comment_status":"closed","ping_status":"closed","template":"","meta":{"_acf_changed":false,"footnotes":""},"class_list":["post-2170","page","type-page","status-publish","hentry"],"acf":[],"publishpress_future_workflow_manual_trigger":{"enabledWorkflows":[]},"_links":{"self":[{"href":"https:\/\/www.villarosariviera.com\/de\/wp-json\/wp\/v2\/pages\/2170","targetHints":{"allow":["GET"]}}],"collection":[{"href":"https:\/\/www.villarosariviera.com\/de\/wp-json\/wp\/v2\/pages"}],"about":[{"href":"https:\/\/www.villarosariviera.com\/de\/wp-json\/wp\/v2\/types\/page"}],"author":[{"embeddable":true,"href":"https:\/\/www.villarosariviera.com\/de\/wp-json\/wp\/v2\/users\/1"}],"replies":[{"embeddable":true,"href":"https:\/\/www.villarosariviera.com\/de\/wp-json\/wp\/v2\/comments?post=2170"}],"version-history":[{"count":1,"href":"https:\/\/www.villarosariviera.com\/de\/wp-json\/wp\/v2\/pages\/2170\/revisions"}],"predecessor-version":[{"id":2171,"href":"https:\/\/www.villarosariviera.com\/de\/wp-json\/wp\/v2\/pages\/2170\/revisions\/2171"}],"wp:attachment":[{"href":"https:\/\/www.villarosariviera.com\/de\/wp-json\/wp\/v2\/media?parent=2170"}],"curies":[{"name":"wp","href":"https:\/\/api.w.org\/{rel}","templated":true}]}}