{"id":2162,"date":"2025-12-10T10:10:00","date_gmt":"2025-12-10T09:10:00","guid":{"rendered":"https:\/\/www.villarosariviera.com\/girovagando\/"},"modified":"2026-04-07T08:48:41","modified_gmt":"2026-04-07T06:48:41","slug":"umherstreifen","status":"publish","type":"page","link":"https:\/\/www.villarosariviera.com\/de\/umherstreifen\/","title":{"rendered":"UMHERSTREIFEN"},"content":{"rendered":"<p class=\"cvGsUA direction-ltr align-start para-style-body\"><span class=\"a_GcMg font-feature-liga-off font-feature-clig-off font-feature-calt-off text-decoration-none text-strikethrough-none\"><strong>Der Parco del Mare<\/strong> <\/span><span class=\"a_GcMg font-feature-liga-off font-feature-clig-off font-feature-calt-off text-decoration-none text-strikethrough-none\">Die sch\u00f6nste Strandpromenade der Welt, zu Fu\u00df oder mit dem Fahrrad, auch f\u00fcr ein bisschen Sport, ausgestattet mit Technogym-Stationen. <\/span><span class=\"a_GcMg font-feature-liga-off font-feature-clig-off font-feature-calt-off text-decoration-none text-strikethrough-none\">Perfekt f\u00fcr einen Spaziergang am fr\u00fchen Morgen oder eine Fahrradtour bei Sonnenuntergang.<\/span><\/p>\n<p class=\"cvGsUA direction-ltr align-start para-style-body\"><span class=\"a_GcMg font-feature-liga-off font-feature-clig-off font-feature-calt-off text-decoration-none text-strikethrough-none\"><strong>Der Hafensteg von Rimini<\/strong> <\/span><span class=\"a_GcMg font-feature-liga-off font-feature-clig-off font-feature-calt-off text-decoration-none text-strikethrough-none\">Ein Spaziergang bis ganz ans Ende, wo das Meer lauter spricht. Hier ist das Jod wie eine Umarmung, das Rauschen der Wellen ein Mantra und jeder Sonnenuntergang ein perfektes Finale.<\/span><\/p>\n<p class=\"cvGsUA direction-ltr align-start para-style-body\"><span class=\"a_GcMg font-feature-liga-off font-feature-clig-off font-feature-calt-off text-decoration-none text-strikethrough-none\"><strong>Darsena &amp; 150 km Radwege<\/strong> <\/span><span class=\"a_GcMg font-feature-liga-off font-feature-clig-off font-feature-calt-off text-decoration-none text-strikethrough-none\">Ein Steg, der \u00fcber und unter dem Meer verl\u00e4uft und vom Hafen, den Booten und den Sonnenaufg\u00e4ngen erz\u00e4hlt. <\/span><span class=\"a_GcMg font-feature-liga-off font-feature-clig-off font-feature-calt-off text-decoration-none text-strikethrough-none\">Von hier aus beginnt ein Netz von 150 km Radwegen: <\/span><span class=\"a_GcMg font-feature-liga-off font-feature-clig-off font-feature-calt-off text-decoration-none text-strikethrough-none\">vom Meer ins Zentrum, vom Zentrum in die H\u00fcgel.<\/span><\/p>\n<p class=\"cvGsUA direction-ltr align-start para-style-body\"><span class=\"a_GcMg font-feature-liga-off font-feature-clig-off font-feature-calt-off text-decoration-none text-strikethrough-none\"><strong>Die Str\u00e4nde der Riviera<\/strong> <\/span><span class=\"a_GcMg font-feature-liga-off font-feature-clig-off font-feature-calt-off text-decoration-none text-strikethrough-none\">Orte, an denen die romagnolische Gastfreundschaft zur Kunst wird. <\/span><span class=\"a_GcMg font-feature-liga-off font-feature-clig-off font-feature-calt-off text-decoration-none text-strikethrough-none\">Von bunten Kabinen bis zu den liebsten Strandbars, vom ersten Bad am Morgen bis zum k\u00fchlen Drink beim Sonnenuntergang.<\/span><\/p>\n<p class=\"cvGsUA direction-ltr align-start para-style-body\"><span class=\"a_GcMg font-feature-liga-off font-feature-clig-off font-feature-calt-off text-decoration-none text-strikethrough-none\"><strong>Piazza sull\u2019Acqua \u2013 Tiberiusbr\u00fccke<\/strong> <\/span>Der magischste Teil der Stadt, zwischen zweitausend Jahren Geschichte und dem Wasser, das den Himmel widerspiegelt. <span class=\"a_GcMg font-feature-liga-off font-feature-clig-off font-feature-calt-off text-decoration-none text-strikethrough-none\">Ein Ort, der dazu gemacht ist, sich auf eine Bank zu setzen und die Gedanken treiben zu lassen. <\/span><span class=\"a_GcMg font-feature-liga-off font-feature-clig-off font-feature-calt-off text-decoration-none text-strikethrough-none\">In unmittelbarer N\u00e4he befindet sich der Parco XXV Aprile, die gr\u00f6\u00dfte gr\u00fcne Lunge der Stadt. Von hier aus starten zahlreiche Radwege inmitten der Natur, die zu den D\u00f6rfern im Hinterland von Rimini f\u00fchren.<\/span><\/p>\n<p class=\"cvGsUA direction-ltr align-start para-style-body\"><span class=\"a_GcMg font-feature-liga-off font-feature-clig-off font-feature-calt-off text-decoration-none text-strikethrough-none\"><strong>Borgo San Giuliano<\/strong> <\/span><span class=\"a_GcMg font-feature-liga-off font-feature-clig-off font-feature-calt-off text-decoration-none text-strikethrough-none\">Das Fischerdorf, das Fellini in Poesie verwandelt hat. <\/span><span class=\"a_GcMg font-feature-liga-off font-feature-clig-off font-feature-calt-off text-decoration-none text-strikethrough-none\">Niedrige H\u00e4user, kr\u00e4ftige Farben, Wandmalereien, die hinter den Ecken wie Erinnerungen auftauchen. <\/span><span class=\"a_GcMg font-feature-liga-off font-feature-clig-off font-feature-calt-off text-decoration-none text-strikethrough-none\">Durch die zweitausend Jahre alte Tiberiusbr\u00fccke mit dem Stadtzentrum verbunden, ist es heute einer der coolsten Orte in Rimini. Das kleine Dorf, einst von Fischerfamilien bewohnt, ist heute reich an kleinen L\u00e4den, Weinkellern und typischen Restaurants.<\/span><\/p>\n<p class=\"cvGsUA direction-ltr align-start para-style-body\"><span class=\"a_GcMg font-feature-liga-off font-feature-clig-off font-feature-calt-off text-decoration-none text-strikethrough-none\"><strong>Der K\u00fcnstler-Flussuferweg<\/strong> <\/span><span class=\"a_GcMg font-feature-liga-off font-feature-clig-off font-feature-calt-off text-decoration-none text-strikethrough-none\">ist eine Open-Air-Kunstgalerie, die Rimini auf authentische Weise erz\u00e4hlt. Er ist leicht mit dem Fahrrad erreichbar und Teil eindrucksvoller Radwege.<\/span><\/p>\n","protected":false},"excerpt":{"rendered":"<p>Der Parco del Mare Die sch\u00f6nste Strandpromenade der Welt, zu Fu\u00df oder mit dem Fahrrad, auch f\u00fcr ein bisschen Sport, ausgestattet mit Technogym-Stationen. Perfekt f\u00fcr einen Spaziergang am fr\u00fchen Morgen oder eine Fahrradtour bei Sonnenuntergang. Der Hafensteg von Rimini Ein Spaziergang bis ganz ans Ende, wo das Meer lauter spricht. Hier ist das Jod wie [&hellip;]<\/p>\n","protected":false},"author":2,"featured_media":0,"parent":0,"menu_order":0,"comment_status":"closed","ping_status":"closed","template":"","meta":{"_acf_changed":false,"footnotes":""},"class_list":["post-2162","page","type-page","status-publish","hentry"],"acf":[],"publishpress_future_workflow_manual_trigger":{"enabledWorkflows":[]},"_links":{"self":[{"href":"https:\/\/www.villarosariviera.com\/de\/wp-json\/wp\/v2\/pages\/2162","targetHints":{"allow":["GET"]}}],"collection":[{"href":"https:\/\/www.villarosariviera.com\/de\/wp-json\/wp\/v2\/pages"}],"about":[{"href":"https:\/\/www.villarosariviera.com\/de\/wp-json\/wp\/v2\/types\/page"}],"author":[{"embeddable":true,"href":"https:\/\/www.villarosariviera.com\/de\/wp-json\/wp\/v2\/users\/2"}],"replies":[{"embeddable":true,"href":"https:\/\/www.villarosariviera.com\/de\/wp-json\/wp\/v2\/comments?post=2162"}],"version-history":[{"count":2,"href":"https:\/\/www.villarosariviera.com\/de\/wp-json\/wp\/v2\/pages\/2162\/revisions"}],"predecessor-version":[{"id":2164,"href":"https:\/\/www.villarosariviera.com\/de\/wp-json\/wp\/v2\/pages\/2162\/revisions\/2164"}],"wp:attachment":[{"href":"https:\/\/www.villarosariviera.com\/de\/wp-json\/wp\/v2\/media?parent=2162"}],"curies":[{"name":"wp","href":"https:\/\/api.w.org\/{rel}","templated":true}]}}