{"id":2149,"date":"2025-07-04T15:00:53","date_gmt":"2025-07-04T13:00:53","guid":{"rendered":"https:\/\/www.villarosariviera.com\/privacy-policy\/"},"modified":"2026-04-03T16:06:28","modified_gmt":"2026-04-03T14:06:28","slug":"datenschutzerklaerung","status":"publish","type":"page","link":"https:\/\/www.villarosariviera.com\/de\/datenschutzerklaerung\/","title":{"rendered":"Datenschutzerkl\u00e4rung"},"content":{"rendered":"\r\n<p>Mit dieser Seite m\u00f6chten wir die Nutzer dieser Website \u00fcber die Verwaltungsmodalit\u00e4ten der gleichen informieren, insbesondere hinsichtlich der Verarbeitung ihrer personenbezogenen Daten, wie in den Artikeln 13 und 14 der Europ\u00e4ischen Verordnung Nr. 679\/2016 \u2013 Allgemeine Datenschutzverordnung vorgeschrieben. Diese Datenschutzerkl\u00e4rung entspricht auch vollst\u00e4ndig der Empfehlung Nr. 2\/2001, die die europ\u00e4ischen Datenschutzbeh\u00f6rden, die in der durch Artikel 29 der Richtlinie Nr. 95\/46\/EG eingerichteten Gruppe zusammengekommen sind, am 17. Mai 2001 verabschiedet haben, um die Mindestanforderungen f\u00fcr die Erhebung personenbezogener Daten online zu bestimmen und insbesondere die Modalit\u00e4ten, Zeitrahmen und Art der Informationen festzulegen, die die Verantwortlichen der Datenverarbeitung den Nutzern zur Verf\u00fcgung stellen m\u00fcssen, wenn diese auf Webseiten zugreifen, unabh\u00e4ngig vom Zweck des Zugriffs. Durch die Nutzung dieser Website k\u00f6nnen Daten von identifizierten oder identifizierbaren Personen verarbeitet werden.<\/p>\r\n<p>Es wird darauf hingewiesen, dass die Zustimmungsmechanismen klar, kurz und leicht verst\u00e4ndlich sein werden; wenn sich die urspr\u00fcnglichen Bedingungen, f\u00fcr die die Zustimmung eingeholt wurde, \u00e4ndern, zum Beispiel wenn sich der Zweck der Datenverarbeitung \u00e4ndert, wird eine weitere Zustimmung gem\u00e4\u00df der Europ\u00e4ischen Verordnung Nr. 679\/2016 erforderlich sein. Es wird au\u00dferdem darauf hingewiesen, dass alle gesammelten Zustimmungen separat von anderen Unternehmensdokumenten dokumentiert werden.<\/p>\r\n<p>Ihre personenbezogenen Daten werden nicht verbreitet und Sie haben das Recht, die Rechte gem\u00e4\u00df den Artikeln 11-20 der Europ\u00e4ischen Verordnung Nr. 679\/2016 auszu\u00fcben, indem Sie uns eine E-Mail an <a href=\"mailto:inforosa@villarosariviera.it\" target=\"_blank\" rel=\"noopener\">inforosa@villarosariviera.it<\/a> senden.<\/p>\r\n<p>Der Verantwortliche der Datenverarbeitung ist <strong>\u201eRimini Uno srl, vertreten durch Herrn Salvatori Antonio\u201c<\/strong>, mit Sitz in <strong>Piazzale Marcellino Champagnat 2, 00144 Rom<\/strong>, der Verantwortliche f\u00fcr die Datenverarbeitung ist <strong>\u201eRimini Uno srl, vertreten durch Herrn Salvatori Antonio\u201c<\/strong>, wohnhaft f\u00fcr die Position bei der Gesellschaft.<\/p>\r\n<p>Die mit den Webdiensten dieser Website verbundenen Datenverarbeitungen erfolgen an dem oben genannten Sitz und am Sitz des Service Providers der Website und werden nur von dem Personal des Unternehmens oder von beauftragten Personen f\u00fcr gelegentliche Wartungsoperationen durchgef\u00fchrt.<\/p>\r\n<h2>Arten von gesammelten Daten<\/h2>\r\n<h3>Navigationsdaten<\/h3>\r\n<p>Unsere Computersysteme und die Softwareprozeduren, die f\u00fcr den Betrieb dieser Website zust\u00e4ndig sind, erheben im Laufe ihres normalen Betriebs einige personenbezogene Daten, deren \u00dcbertragung durch die Verwendung der Internetkommunikationsprotokolle implizit ist.<\/p>\r\n<p>Die oben genannten Informationen werden nicht speziell gesammelt, um mit identifizierten betroffenen Personen in Verbindung gebracht zu werden, aber aufgrund ihrer Natur k\u00f6nnten sie, durch Verarbeitung und Verkn\u00fcpfung mit Daten, die von Dritten gehalten werden, es erm\u00f6glichen, die Nutzer zu identifizieren.<\/p>\r\n<p>Zu dieser Datenkategorie geh\u00f6ren die IP-Adressen oder die Domainnamen der Computer, die von den Nutzern verwendet werden, um auf die Website zuzugreifen, die URI-Adressen (Uniform Resource Identifier) der angeforderten Ressourcen, die Uhrzeit der Anfrage, die Methode, die zur \u00dcbermittlung der Anfrage an den Server verwendet wurde, die Gr\u00f6\u00dfe der erhaltenen Datei als Antwort, den numerischen Code, der den Status der Antwort des Servers angibt (Erfolg, Fehler usw.) und andere Parameter in Bezug auf das Betriebssystem und die Computerumgebung des Nutzers.<\/p>\r\n<p>Diese Daten werden nur verwendet, um anonyme statistische Informationen \u00fcber die Nutzung der Website zu sammeln und deren ordnungsgem\u00e4\u00dfen Betrieb zu \u00fcberpr\u00fcfen. Die Daten k\u00f6nnen verwendet werden, um im Falle von vermuteten Straftaten gegen die Website die Verantwortlichkeit festzustellen und k\u00f6nnen der Justizbeh\u00f6rde auf ausdr\u00fcckliche Anfrage vorgelegt werden.<\/p>\r\n<h3>Freiwillig vom Nutzer bereitgestellte Daten<\/h3>\r\n<p>Das freiwillige, ausdr\u00fcckliche und freiwillige Senden von E-Mails an die auf dieser Website angegebenen Adressen f\u00fchrt zur anschlie\u00dfenden Erhebung der Absenderadresse, die zur Beantwortung der Anfragen erforderlich ist, sowie der eventuell anderen personenbezogenen Daten, die in der Nachricht eingegeben werden, ebenso wie f\u00fcr die Daten, die durch die speziellen Formulare zur Datensammlung f\u00fcr Online-Dienste gesammelt werden.<\/p>\r\n<p>Personenbezogene Daten werden mit automatisierten Mitteln f\u00fcr den Zeitraum verarbeitet, der strikt erforderlich ist, um die Zwecke zu erreichen, f\u00fcr die sie gesammelt wurden.<\/p>\r\n<p>Es werden spezielle Sicherheitsma\u00dfnahmen getroffen, um den Verlust der Daten, unrechtm\u00e4\u00dfige oder falsche Nutzung und unbefugte Zugriffe zu verhindern.<\/p>","protected":false},"excerpt":{"rendered":"<p>Mit dieser Seite m\u00f6chten wir die Nutzer dieser Website \u00fcber die Verwaltungsmodalit\u00e4ten der gleichen informieren, insbesondere hinsichtlich der Verarbeitung ihrer personenbezogenen Daten, wie in den Artikeln 13 und 14 der Europ\u00e4ischen Verordnung Nr. 679\/2016 \u2013 Allgemeine Datenschutzverordnung vorgeschrieben. Diese Datenschutzerkl\u00e4rung entspricht auch vollst\u00e4ndig der Empfehlung Nr. 2\/2001, die die europ\u00e4ischen Datenschutzbeh\u00f6rden, die in der durch [&hellip;]<\/p>\n","protected":false},"author":1,"featured_media":0,"parent":0,"menu_order":0,"comment_status":"closed","ping_status":"closed","template":"","meta":{"_acf_changed":false,"footnotes":""},"class_list":["post-2149","page","type-page","status-publish","hentry"],"acf":[],"publishpress_future_workflow_manual_trigger":{"enabledWorkflows":[]},"_links":{"self":[{"href":"https:\/\/www.villarosariviera.com\/de\/wp-json\/wp\/v2\/pages\/2149","targetHints":{"allow":["GET"]}}],"collection":[{"href":"https:\/\/www.villarosariviera.com\/de\/wp-json\/wp\/v2\/pages"}],"about":[{"href":"https:\/\/www.villarosariviera.com\/de\/wp-json\/wp\/v2\/types\/page"}],"author":[{"embeddable":true,"href":"https:\/\/www.villarosariviera.com\/de\/wp-json\/wp\/v2\/users\/1"}],"replies":[{"embeddable":true,"href":"https:\/\/www.villarosariviera.com\/de\/wp-json\/wp\/v2\/comments?post=2149"}],"version-history":[{"count":3,"href":"https:\/\/www.villarosariviera.com\/de\/wp-json\/wp\/v2\/pages\/2149\/revisions"}],"predecessor-version":[{"id":2152,"href":"https:\/\/www.villarosariviera.com\/de\/wp-json\/wp\/v2\/pages\/2149\/revisions\/2152"}],"wp:attachment":[{"href":"https:\/\/www.villarosariviera.com\/de\/wp-json\/wp\/v2\/media?parent=2149"}],"curies":[{"name":"wp","href":"https:\/\/api.w.org\/{rel}","templated":true}]}}