{"id":2146,"date":"2025-10-29T09:37:05","date_gmt":"2025-10-29T08:37:05","guid":{"rendered":"https:\/\/www.villarosariviera.com\/richiedi-preventivo\/"},"modified":"2026-04-03T16:02:31","modified_gmt":"2026-04-03T14:02:31","slug":"angebot-anfordern","status":"publish","type":"page","link":"https:\/\/www.villarosariviera.com\/de\/angebot-anfordern\/","title":{"rendered":"Angebot anfordern"},"content":{"rendered":"<p>Das Personal des Hotel Villa Rosa Riviera ist jung und gut vorbereitet, um jede deiner Anfragen zu erf\u00fcllen. Um die Verf\u00fcgbarkeit zu pr\u00fcfen und mehr Informationen \u00fcber die angebotenen Dienstleistungen zu erhalten, z\u00f6gere nicht, uns \u00fcber WhatsApp +39 339 486 8025 zu kontaktieren, uns unter der Nummer +39 0541 22506 anzurufen oder uns eine E-Mail zu senden an <a href=\"mailto:inforosa@villarosariviera.it\" target=\"_blank\" rel=\"noopener\">inforosa@villarosariviera.it<br \/>\n<\/a><\/p>\n<h5>Das Personal des Hotel Villa Rosa Riviera steht Ihnen gerne zur Verf\u00fcgung, um ein ma\u00dfgeschneidertes Angebot zu erstellen.<\/h5>\n<p>&nbsp;<\/p>\n","protected":false},"excerpt":{"rendered":"<p>Das Personal des Hotel Villa Rosa Riviera ist jung und gut vorbereitet, um jede deiner Anfragen zu erf\u00fcllen. Um die Verf\u00fcgbarkeit zu pr\u00fcfen und mehr Informationen \u00fcber die angebotenen Dienstleistungen zu erhalten, z\u00f6gere nicht, uns \u00fcber WhatsApp +39 339 486 8025 zu kontaktieren, uns unter der Nummer +39 0541 22506 anzurufen oder uns eine E-Mail [&hellip;]<\/p>\n","protected":false},"author":1,"featured_media":0,"parent":0,"menu_order":0,"comment_status":"closed","ping_status":"closed","template":"template\/template.preventivo.php","meta":{"_acf_changed":false,"footnotes":""},"class_list":["post-2146","page","type-page","status-publish","hentry"],"acf":[],"publishpress_future_workflow_manual_trigger":{"enabledWorkflows":[]},"_links":{"self":[{"href":"https:\/\/www.villarosariviera.com\/de\/wp-json\/wp\/v2\/pages\/2146","targetHints":{"allow":["GET"]}}],"collection":[{"href":"https:\/\/www.villarosariviera.com\/de\/wp-json\/wp\/v2\/pages"}],"about":[{"href":"https:\/\/www.villarosariviera.com\/de\/wp-json\/wp\/v2\/types\/page"}],"author":[{"embeddable":true,"href":"https:\/\/www.villarosariviera.com\/de\/wp-json\/wp\/v2\/users\/1"}],"replies":[{"embeddable":true,"href":"https:\/\/www.villarosariviera.com\/de\/wp-json\/wp\/v2\/comments?post=2146"}],"version-history":[{"count":2,"href":"https:\/\/www.villarosariviera.com\/de\/wp-json\/wp\/v2\/pages\/2146\/revisions"}],"predecessor-version":[{"id":2148,"href":"https:\/\/www.villarosariviera.com\/de\/wp-json\/wp\/v2\/pages\/2146\/revisions\/2148"}],"wp:attachment":[{"href":"https:\/\/www.villarosariviera.com\/de\/wp-json\/wp\/v2\/media?parent=2146"}],"curies":[{"name":"wp","href":"https:\/\/api.w.org\/{rel}","templated":true}]}}