{"id":2137,"date":"2025-07-07T08:53:01","date_gmt":"2025-07-07T06:53:01","guid":{"rendered":"https:\/\/www.villarosariviera.com\/eventi-business-rimini\/"},"modified":"2026-04-03T15:33:30","modified_gmt":"2026-04-03T13:33:30","slug":"events-business-rimini","status":"publish","type":"page","link":"https:\/\/www.villarosariviera.com\/de\/events-business-rimini\/","title":{"rendered":"Sie wissen nicht, wo Sie Ihre Meetings organisieren sollen?"},"content":{"rendered":"<p>Im Hotel Villa Rosa Riviera findest du <strong>die ideale L\u00f6sung f\u00fcr Besprechungen<\/strong>, <strong>Pr\u00e4sentationen<\/strong> und <strong>Veranstaltungen<\/strong>, die ma\u00dfgeschneidert sind und einen bleibenden Eindruck hinterlassen. Die Professionalit\u00e4t unseres Teams und die Liebe zum Detail garantieren einen p\u00fcnktlichen und sorgf\u00e4ltigen Service, damit jedes Meeting eine wahre Visitenkarte f\u00fcr dein Unternehmen wird.<\/p>\n<p><strong>Ein Aufenthalt im Villa Rosa Riviera<\/strong> bedeutet auch, <strong>nur wenige Minuten<\/strong> von der <strong>Fiera di Rimini und dem Palacongressi<\/strong> entfernt zu sein, mit der M\u00f6glichkeit, gesch\u00e4ftliche Verpflichtungen mit Momenten der Entspannung zu verbinden. Nach einem intensiven Arbeitstag kannst du ins Hotel zur\u00fcckkehren, das Stadtzentrum in 10 Minuten zu Fu\u00df erreichen oder einen Spaziergang am Meer genie\u00dfen.<\/p>\n","protected":false},"excerpt":{"rendered":"<p>Im Hotel Villa Rosa Riviera findest du die ideale L\u00f6sung f\u00fcr Besprechungen, Pr\u00e4sentationen und Veranstaltungen, die ma\u00dfgeschneidert sind und einen bleibenden Eindruck hinterlassen. Die Professionalit\u00e4t unseres Teams und die Liebe zum Detail garantieren einen p\u00fcnktlichen und sorgf\u00e4ltigen Service, damit jedes Meeting eine wahre Visitenkarte f\u00fcr dein Unternehmen wird. Ein Aufenthalt im Villa Rosa Riviera bedeutet [&hellip;]<\/p>\n","protected":false},"author":1,"featured_media":0,"parent":0,"menu_order":0,"comment_status":"closed","ping_status":"closed","template":"template\/template.business.php","meta":{"_acf_changed":false,"footnotes":""},"class_list":["post-2137","page","type-page","status-publish","hentry"],"acf":[],"publishpress_future_workflow_manual_trigger":{"enabledWorkflows":[]},"_links":{"self":[{"href":"https:\/\/www.villarosariviera.com\/de\/wp-json\/wp\/v2\/pages\/2137","targetHints":{"allow":["GET"]}}],"collection":[{"href":"https:\/\/www.villarosariviera.com\/de\/wp-json\/wp\/v2\/pages"}],"about":[{"href":"https:\/\/www.villarosariviera.com\/de\/wp-json\/wp\/v2\/types\/page"}],"author":[{"embeddable":true,"href":"https:\/\/www.villarosariviera.com\/de\/wp-json\/wp\/v2\/users\/1"}],"replies":[{"embeddable":true,"href":"https:\/\/www.villarosariviera.com\/de\/wp-json\/wp\/v2\/comments?post=2137"}],"version-history":[{"count":2,"href":"https:\/\/www.villarosariviera.com\/de\/wp-json\/wp\/v2\/pages\/2137\/revisions"}],"predecessor-version":[{"id":2139,"href":"https:\/\/www.villarosariviera.com\/de\/wp-json\/wp\/v2\/pages\/2137\/revisions\/2139"}],"wp:attachment":[{"href":"https:\/\/www.villarosariviera.com\/de\/wp-json\/wp\/v2\/media?parent=2137"}],"curies":[{"name":"wp","href":"https:\/\/api.w.org\/{rel}","templated":true}]}}