{"id":2134,"date":"2025-10-22T15:17:38","date_gmt":"2025-10-22T13:17:38","guid":{"rendered":"https:\/\/www.villarosariviera.com\/ospitalita-natura\/"},"modified":"2026-04-03T15:26:42","modified_gmt":"2026-04-03T13:26:42","slug":"gastfreundschaft-natur","status":"publish","type":"page","link":"https:\/\/www.villarosariviera.com\/de\/gastfreundschaft-natur\/","title":{"rendered":"Nat\u00fcrlich &#038; Bio \u2013 der Urlaub, den wir lieben"},"content":{"rendered":"<p class=\"p1\">Villa Rosa Riviera ist Teil von <strong>Ospitalit\u00e0 Natura<\/strong>, dem Projekt von <strong>NaturaS\u00ec<\/strong>, das sich einer <strong>bewussten und respektvollen Gastfreundschaft<\/strong> widmet. Eine Aufmerksamkeit, die sich in den t\u00e4glichen Entscheidungen widerspiegelt, von nat\u00fcrlichen Lebensmitteln bis hin zur sorgf\u00e4ltigen Nutzung von Ressourcen und Produkten.<\/p>\n","protected":false},"excerpt":{"rendered":"<p>Villa Rosa Riviera ist Teil von Ospitalit\u00e0 Natura, dem Projekt von NaturaS\u00ec, das sich einer bewussten und respektvollen Gastfreundschaft widmet. Eine Aufmerksamkeit, die sich in den t\u00e4glichen Entscheidungen widerspiegelt, von nat\u00fcrlichen Lebensmitteln bis hin zur sorgf\u00e4ltigen Nutzung von Ressourcen und Produkten.<\/p>\n","protected":false},"author":1,"featured_media":0,"parent":0,"menu_order":0,"comment_status":"closed","ping_status":"closed","template":"","meta":{"_acf_changed":false,"footnotes":""},"class_list":["post-2134","page","type-page","status-publish","hentry"],"acf":[],"publishpress_future_workflow_manual_trigger":{"enabledWorkflows":[]},"_links":{"self":[{"href":"https:\/\/www.villarosariviera.com\/de\/wp-json\/wp\/v2\/pages\/2134","targetHints":{"allow":["GET"]}}],"collection":[{"href":"https:\/\/www.villarosariviera.com\/de\/wp-json\/wp\/v2\/pages"}],"about":[{"href":"https:\/\/www.villarosariviera.com\/de\/wp-json\/wp\/v2\/types\/page"}],"author":[{"embeddable":true,"href":"https:\/\/www.villarosariviera.com\/de\/wp-json\/wp\/v2\/users\/1"}],"replies":[{"embeddable":true,"href":"https:\/\/www.villarosariviera.com\/de\/wp-json\/wp\/v2\/comments?post=2134"}],"version-history":[{"count":2,"href":"https:\/\/www.villarosariviera.com\/de\/wp-json\/wp\/v2\/pages\/2134\/revisions"}],"predecessor-version":[{"id":2136,"href":"https:\/\/www.villarosariviera.com\/de\/wp-json\/wp\/v2\/pages\/2134\/revisions\/2136"}],"wp:attachment":[{"href":"https:\/\/www.villarosariviera.com\/de\/wp-json\/wp\/v2\/media?parent=2134"}],"curies":[{"name":"wp","href":"https:\/\/api.w.org\/{rel}","templated":true}]}}