{"id":2094,"date":"2025-07-07T08:52:38","date_gmt":"2025-07-07T06:52:38","guid":{"rendered":"https:\/\/www.villarosariviera.com\/nostre-offerte\/"},"modified":"2026-04-03T12:48:33","modified_gmt":"2026-04-03T10:48:33","slug":"unsere-angebote","status":"publish","type":"page","link":"https:\/\/www.villarosariviera.com\/de\/unsere-angebote\/","title":{"rendered":"Angebote"},"content":{"rendered":"<p>Unsere Angebote entstehen aus dem Wunsch, <strong>jedes Aufenthalt besonders zu machen<\/strong>, sei es ein Kurzurlaub oder ein l\u00e4ngerer Aufenthalt.<\/p>\n<p>Entdecke sie hier, w\u00e4hle das, was am besten zu dir passt, und lass dich inspirieren: <strong>Villa Rosa Riviera erwartet dich das ganze Jahr \u00fcber<\/strong> mit seiner authentischen Gastfreundschaft und der Sorgfalt, die uns auszeichnet.<\/p>\n","protected":false},"excerpt":{"rendered":"<p>Unsere Angebote entstehen aus dem Wunsch, jedes Aufenthalt besonders zu machen, sei es ein Kurzurlaub oder ein l\u00e4ngerer Aufenthalt. Entdecke sie hier, w\u00e4hle das, was am besten zu dir passt, und lass dich inspirieren: Villa Rosa Riviera erwartet dich das ganze Jahr \u00fcber mit seiner authentischen Gastfreundschaft und der Sorgfalt, die uns auszeichnet.<\/p>\n","protected":false},"author":1,"featured_media":0,"parent":0,"menu_order":0,"comment_status":"closed","ping_status":"closed","template":"template\/template.offerte-list.php","meta":{"_acf_changed":false,"footnotes":""},"class_list":["post-2094","page","type-page","status-publish","hentry"],"acf":[],"publishpress_future_workflow_manual_trigger":{"enabledWorkflows":[]},"_links":{"self":[{"href":"https:\/\/www.villarosariviera.com\/de\/wp-json\/wp\/v2\/pages\/2094","targetHints":{"allow":["GET"]}}],"collection":[{"href":"https:\/\/www.villarosariviera.com\/de\/wp-json\/wp\/v2\/pages"}],"about":[{"href":"https:\/\/www.villarosariviera.com\/de\/wp-json\/wp\/v2\/types\/page"}],"author":[{"embeddable":true,"href":"https:\/\/www.villarosariviera.com\/de\/wp-json\/wp\/v2\/users\/1"}],"replies":[{"embeddable":true,"href":"https:\/\/www.villarosariviera.com\/de\/wp-json\/wp\/v2\/comments?post=2094"}],"version-history":[{"count":2,"href":"https:\/\/www.villarosariviera.com\/de\/wp-json\/wp\/v2\/pages\/2094\/revisions"}],"predecessor-version":[{"id":2096,"href":"https:\/\/www.villarosariviera.com\/de\/wp-json\/wp\/v2\/pages\/2094\/revisions\/2096"}],"wp:attachment":[{"href":"https:\/\/www.villarosariviera.com\/de\/wp-json\/wp\/v2\/media?parent=2094"}],"curies":[{"name":"wp","href":"https:\/\/api.w.org\/{rel}","templated":true}]}}