{"id":2030,"date":"2025-07-07T08:53:36","date_gmt":"2025-07-07T06:53:36","guid":{"rendered":"https:\/\/www.villarosariviera.com\/colazione-panenostrolab-rimini\/"},"modified":"2026-04-03T12:30:35","modified_gmt":"2026-04-03T10:30:35","slug":"panenostro-lab-fruehstueck-rimini","status":"publish","type":"page","link":"https:\/\/www.villarosariviera.com\/de\/panenostro-lab-fruehstueck-rimini\/","title":{"rendered":"Panenostro LAB <br> Fr\u00fchst\u00fcck"},"content":{"rendered":"<p>Panenostro ist eine <strong>R\u00fcckkehr zu den eigenen Wurzeln<\/strong>: ein Ort, um <strong>die Ritualit\u00e4t des Tisches neu zu entdecken<\/strong> und an dem <strong>Beziehungen zu geteilter Erfahrung werden<\/strong>. Essen war nie nur Nahrung zu sich zu nehmen. Kochen war nie nur Nahrung zuzubereiten. F\u00fcr uns ist es eine heilige Kunst, die tief mit der Zeit der Jahreszeiten und den Aromen verbunden ist, die uns die Erde schenkt.<\/p>\n<p>Wir wollen uns <strong>am Tisch treffen<\/strong>, wie bei den Gro\u00dfeltern, wo das Teilen des Brotes mit anderen ein Synonym f\u00fcr Freundschaft war. Es ist nicht nur Mehl: es ist der Duft des Windes. Wir wollen euch in die S\u00fc\u00dfe der Feigen im September, in die Farben der Tomaten im August verlieben, und euch eine Geschichte erz\u00e4hlen, die <strong>in unseren Feldern<\/strong> beginnt und jeden Tag <strong>auf eurem Tisch<\/strong> ankommt.<\/p>\n","protected":false},"excerpt":{"rendered":"<p>Panenostro ist eine R\u00fcckkehr zu den eigenen Wurzeln: ein Ort, um die Ritualit\u00e4t des Tisches neu zu entdecken und an dem Beziehungen zu geteilter Erfahrung werden. Essen war nie nur Nahrung zu sich zu nehmen. Kochen war nie nur Nahrung zuzubereiten. F\u00fcr uns ist es eine heilige Kunst, die tief mit der Zeit der Jahreszeiten [&hellip;]<\/p>\n","protected":false},"author":1,"featured_media":0,"parent":0,"menu_order":0,"comment_status":"closed","ping_status":"closed","template":"","meta":{"_acf_changed":false,"footnotes":""},"class_list":["post-2030","page","type-page","status-publish","hentry"],"acf":[],"publishpress_future_workflow_manual_trigger":{"enabledWorkflows":[]},"_links":{"self":[{"href":"https:\/\/www.villarosariviera.com\/de\/wp-json\/wp\/v2\/pages\/2030","targetHints":{"allow":["GET"]}}],"collection":[{"href":"https:\/\/www.villarosariviera.com\/de\/wp-json\/wp\/v2\/pages"}],"about":[{"href":"https:\/\/www.villarosariviera.com\/de\/wp-json\/wp\/v2\/types\/page"}],"author":[{"embeddable":true,"href":"https:\/\/www.villarosariviera.com\/de\/wp-json\/wp\/v2\/users\/1"}],"replies":[{"embeddable":true,"href":"https:\/\/www.villarosariviera.com\/de\/wp-json\/wp\/v2\/comments?post=2030"}],"version-history":[{"count":3,"href":"https:\/\/www.villarosariviera.com\/de\/wp-json\/wp\/v2\/pages\/2030\/revisions"}],"predecessor-version":[{"id":2091,"href":"https:\/\/www.villarosariviera.com\/de\/wp-json\/wp\/v2\/pages\/2030\/revisions\/2091"}],"wp:attachment":[{"href":"https:\/\/www.villarosariviera.com\/de\/wp-json\/wp\/v2\/media?parent=2030"}],"curies":[{"name":"wp","href":"https:\/\/api.w.org\/{rel}","templated":true}]}}