{"id":2025,"date":"2025-07-07T08:51:58","date_gmt":"2025-07-07T06:51:58","guid":{"rendered":"https:\/\/www.villarosariviera.com\/camere-hotel-rimini\/"},"modified":"2026-04-17T10:55:04","modified_gmt":"2026-04-17T08:55:04","slug":"zimmer","status":"publish","type":"page","link":"https:\/\/www.villarosariviera.com\/de\/zimmer\/","title":{"rendered":"Schlafen, tr\u00e4umen und mit Blick auf das Meer aufwachen"},"content":{"rendered":"<p>Unsere Zimmer sind R\u00e4ume zum Ankommen und Regenerieren: helle, komfortable Umgebungen, in denen die Reise ihren nat\u00fcrlichen Rhythmus findet. Von smarten L\u00f6sungen bis hin zum Attico mit Meerblick begleitet jede Wahl Ihre intimsten Momente \u2013 ruhig einschlafen, leicht aufwachen, neue Energie tanken.<\/p>\n<p>Und weil guter Schlaf kein Detail ist, sind alle Zimmer mit <strong>Simmons-Matratzen mit Topper<\/strong> sowie <strong>\u00f6kologischen Pflegeprodukten im Bad<\/strong> ausgestattet, um die Nacht und das Erwachen in ein echtes Wohlf\u00fchlritual zu verwandeln.<b>\u00a0<\/b><b><\/b><\/p>\n","protected":false},"excerpt":{"rendered":"<p>Unsere Zimmer sind R\u00e4ume zum Ankommen und Regenerieren: helle, komfortable Umgebungen, in denen die Reise ihren nat\u00fcrlichen Rhythmus findet. Von smarten L\u00f6sungen bis hin zum Attico mit Meerblick begleitet jede Wahl Ihre intimsten Momente \u2013 ruhig einschlafen, leicht aufwachen, neue Energie tanken. Und weil guter Schlaf kein Detail ist, sind alle Zimmer mit Simmons-Matratzen mit [&hellip;]<\/p>\n","protected":false},"author":1,"featured_media":0,"parent":0,"menu_order":0,"comment_status":"closed","ping_status":"closed","template":"template\/template.camere-list.php","meta":{"_acf_changed":false,"footnotes":""},"class_list":["post-2025","page","type-page","status-publish","hentry"],"acf":[],"publishpress_future_workflow_manual_trigger":{"enabledWorkflows":[]},"_links":{"self":[{"href":"https:\/\/www.villarosariviera.com\/de\/wp-json\/wp\/v2\/pages\/2025","targetHints":{"allow":["GET"]}}],"collection":[{"href":"https:\/\/www.villarosariviera.com\/de\/wp-json\/wp\/v2\/pages"}],"about":[{"href":"https:\/\/www.villarosariviera.com\/de\/wp-json\/wp\/v2\/types\/page"}],"author":[{"embeddable":true,"href":"https:\/\/www.villarosariviera.com\/de\/wp-json\/wp\/v2\/users\/1"}],"replies":[{"embeddable":true,"href":"https:\/\/www.villarosariviera.com\/de\/wp-json\/wp\/v2\/comments?post=2025"}],"version-history":[{"count":3,"href":"https:\/\/www.villarosariviera.com\/de\/wp-json\/wp\/v2\/pages\/2025\/revisions"}],"predecessor-version":[{"id":2238,"href":"https:\/\/www.villarosariviera.com\/de\/wp-json\/wp\/v2\/pages\/2025\/revisions\/2238"}],"wp:attachment":[{"href":"https:\/\/www.villarosariviera.com\/de\/wp-json\/wp\/v2\/media?parent=2025"}],"curies":[{"name":"wp","href":"https:\/\/api.w.org\/{rel}","templated":true}]}}