{"id":2011,"date":"2025-07-04T15:00:53","date_gmt":"2025-07-04T13:00:53","guid":{"rendered":"https:\/\/www.villarosariviera.com\/pagina-di-esempio\/"},"modified":"2026-04-17T10:51:24","modified_gmt":"2026-04-17T08:51:24","slug":"pagina-di-esempio","status":"publish","type":"page","link":"https:\/\/www.villarosariviera.com\/de\/","title":{"rendered":"Willkommen<br>im Hotel Villa Rosa Riviera"},"content":{"rendered":"<p class=\"p1\">Es ist weit mehr als nur ein Hotel: Die Aufmerksamkeit f\u00fcr die<strong> Qualit\u00e4t des Schlafs<\/strong>, die Liebe zur Gesundheit, zur Erde und zur nat\u00fcrlichen K\u00fcche haben uns dazu gef\u00fchrt, ein einzigartiges und sorgf\u00e4ltig durchdachtes Angebot zu schaffen.<\/p>\n<p>Villa Rosa Riviera ist Teil von <strong>Ospitalit\u00e0 Natura<\/strong>, dem Projekt von<strong> NaturaS\u00ec<\/strong>, das sich einer bewussten und<strong> respektvollen Gastfreundschaft widmet<\/strong>.<\/p>\n","protected":false},"excerpt":{"rendered":"<p>Es ist weit mehr als nur ein Hotel: Die Aufmerksamkeit f\u00fcr die Qualit\u00e4t des Schlafs, die Liebe zur Gesundheit, zur Erde und zur nat\u00fcrlichen K\u00fcche haben uns dazu gef\u00fchrt, ein einzigartiges und sorgf\u00e4ltig durchdachtes Angebot zu schaffen. Villa Rosa Riviera ist Teil von Ospitalit\u00e0 Natura, dem Projekt von NaturaS\u00ec, das sich einer bewussten und respektvollen [&hellip;]<\/p>\n","protected":false},"author":1,"featured_media":0,"parent":0,"menu_order":0,"comment_status":"closed","ping_status":"closed","template":"","meta":{"_acf_changed":false,"footnotes":""},"class_list":["post-2011","page","type-page","status-publish","hentry"],"acf":[],"publishpress_future_workflow_manual_trigger":{"enabledWorkflows":[]},"_links":{"self":[{"href":"https:\/\/www.villarosariviera.com\/de\/wp-json\/wp\/v2\/pages\/2011","targetHints":{"allow":["GET"]}}],"collection":[{"href":"https:\/\/www.villarosariviera.com\/de\/wp-json\/wp\/v2\/pages"}],"about":[{"href":"https:\/\/www.villarosariviera.com\/de\/wp-json\/wp\/v2\/types\/page"}],"author":[{"embeddable":true,"href":"https:\/\/www.villarosariviera.com\/de\/wp-json\/wp\/v2\/users\/1"}],"replies":[{"embeddable":true,"href":"https:\/\/www.villarosariviera.com\/de\/wp-json\/wp\/v2\/comments?post=2011"}],"version-history":[{"count":4,"href":"https:\/\/www.villarosariviera.com\/de\/wp-json\/wp\/v2\/pages\/2011\/revisions"}],"predecessor-version":[{"id":2235,"href":"https:\/\/www.villarosariviera.com\/de\/wp-json\/wp\/v2\/pages\/2011\/revisions\/2235"}],"wp:attachment":[{"href":"https:\/\/www.villarosariviera.com\/de\/wp-json\/wp\/v2\/media?parent=2011"}],"curies":[{"name":"wp","href":"https:\/\/api.w.org\/{rel}","templated":true}]}}