{"id":1669,"date":"2025-10-10T16:56:20","date_gmt":"2025-10-10T14:56:20","guid":{"rendered":"https:\/\/www.villarosariviera.com\/filosofia\/"},"modified":"2026-04-07T12:11:54","modified_gmt":"2026-04-07T10:11:54","slug":"philosophie","status":"publish","type":"page","link":"https:\/\/www.villarosariviera.com\/de\/philosophie\/","title":{"rendered":"Im Herzen von Rimini"},"content":{"rendered":"<p>Mehr als nur ein Hotel: Die Aufmerksamkeit f\u00fcr die Qualit\u00e4t des Schlafs, die Liebe zur Gesundheit und zur nat\u00fcrlichen K\u00fcche haben uns dazu gef\u00fchrt, ein einzigartiges und anspruchsvolles Konzept zu schaffen. Ein neues Verst\u00e4ndnis von Gastfreundschaft, in dem der wahre Luxus \u2013 ob auf Gesch\u00e4ftsreise oder im Urlaub am Meer \u2013 darin besteht, sich Zeit f\u00fcr sich selbst zu nehmen.<\/p>\n<p>Wir sind hier, um Ihnen ein unvergessliches Erlebnis zu schenken, bei dem das Wertvollste im Mittelpunkt steht, das wir besitzen: <strong>die Zeit, die wir uns selbst widmen k\u00f6nnen<\/strong>.<\/p>\n<p>Unsere Leidenschaft f\u00fcr das Reisen, die Neugier zu entdecken und sich von anderen Kulturen inspirieren zu lassen, hat uns wunderbaren Menschen begegnen lassen, mit denen wir einzigartige Erfahrungen inmitten der Natur teilen konnten.<\/p>\n<p>Am Ende eines Urlaubs oder einer Reise sind es die sch\u00f6nsten Erinnerungen, die bleiben \u2013 verbunden mit den Menschen, denen man begegnet ist, und den Erlebnissen, die man geteilt hat.<\/p>\n<p>&nbsp;<\/p>\n","protected":false},"excerpt":{"rendered":"<p>Mehr als nur ein Hotel: Die Aufmerksamkeit f\u00fcr die Qualit\u00e4t des Schlafs, die Liebe zur Gesundheit und zur nat\u00fcrlichen K\u00fcche haben uns dazu gef\u00fchrt, ein einzigartiges und anspruchsvolles Konzept zu schaffen. Ein neues Verst\u00e4ndnis von Gastfreundschaft, in dem der wahre Luxus \u2013 ob auf Gesch\u00e4ftsreise oder im Urlaub am Meer \u2013 darin besteht, sich Zeit [&hellip;]<\/p>\n","protected":false},"author":1,"featured_media":0,"parent":0,"menu_order":0,"comment_status":"closed","ping_status":"closed","template":"","meta":{"_acf_changed":false,"footnotes":""},"class_list":["post-1669","page","type-page","status-publish","hentry"],"acf":[],"publishpress_future_workflow_manual_trigger":{"enabledWorkflows":[]},"_links":{"self":[{"href":"https:\/\/www.villarosariviera.com\/de\/wp-json\/wp\/v2\/pages\/1669","targetHints":{"allow":["GET"]}}],"collection":[{"href":"https:\/\/www.villarosariviera.com\/de\/wp-json\/wp\/v2\/pages"}],"about":[{"href":"https:\/\/www.villarosariviera.com\/de\/wp-json\/wp\/v2\/types\/page"}],"author":[{"embeddable":true,"href":"https:\/\/www.villarosariviera.com\/de\/wp-json\/wp\/v2\/users\/1"}],"replies":[{"embeddable":true,"href":"https:\/\/www.villarosariviera.com\/de\/wp-json\/wp\/v2\/comments?post=1669"}],"version-history":[{"count":2,"href":"https:\/\/www.villarosariviera.com\/de\/wp-json\/wp\/v2\/pages\/1669\/revisions"}],"predecessor-version":[{"id":1681,"href":"https:\/\/www.villarosariviera.com\/de\/wp-json\/wp\/v2\/pages\/1669\/revisions\/1681"}],"wp:attachment":[{"href":"https:\/\/www.villarosariviera.com\/de\/wp-json\/wp\/v2\/media?parent=1669"}],"curies":[{"name":"wp","href":"https:\/\/api.w.org\/{rel}","templated":true}]}}